{"id":136,"date":"2010-02-10T14:45:06","date_gmt":"2010-02-10T12:45:06","guid":{"rendered":"http:\/\/de.processorientation.com\/?page_id=136"},"modified":"2019-09-01T17:43:50","modified_gmt":"2019-09-01T15:43:50","slug":"literatur","status":"publish","type":"page","link":"http:\/\/de.processorientation.com\/?page_id=136","title":{"rendered":"Literatur"},"content":{"rendered":"<p>Anbei einige Literaturempfehlungen:<\/p>\n<p>Hammer, M. (1993):<br \/>\n<a href=\"http:\/\/www.amazon.de\/gp\/product\/0060559535?ie=UTF8&tag=forumderklass-21&linkCode=as2&camp=1638&creative=6742&creativeASIN=0060559535\" target=\"_blank\" rel=\"noopener noreferrer\">Reengineering the Corporation: A Manifesto for Business Revolution<\/a><img loading=\"lazy\" style=\"border: none !important; margin: 0px !important;\" src=\"http:\/\/www.assoc-amazon.de\/e\/ir?t=forumderklass-21&l=as2&o=3&a=0060559535\" alt=\"\" width=\"1\" height=\"1\" border=\"0\" \/><\/p>\n<p>Hammer, M. (2007):<br \/>\nThe Process Audit. <em>Harvard Business Review<\/em>, 85(4), S. 111-123.<\/p>\n<p>Harmon, P. (2007):<br \/>\n<a href=\"http:\/\/www.amazon.de\/gp\/product\/0123741521?ie=UTF8&tag=forumderklass-21&linkCode=as2&camp=1638&creative=6742&creativeASIN=0123741521\" target=\"_blank\" rel=\"noopener noreferrer\">Business Process Change: A Guide for Business Managers and BPM and Six Sigma Professionals<\/a><img loading=\"lazy\" style=\"border: none !important; margin: 0px !important;\" src=\"http:\/\/www.assoc-amazon.de\/e\/ir?t=forumderklass-21&l=as2&o=3&a=0123741521\" alt=\"\" width=\"1\" height=\"1\" border=\"0\" \/><\/p>\n<p>Kohlbacher, M. (2009):<br \/>\nThe perceived effects of business process management. <em>2009 IEEE Toronto International Conference<\/em>, S. 399-402.<\/p>\n<p>Kohlbacher, M. (2010):<br \/>\nThe effects of process orientation: a literature review. <em>Business Process Management Journal<\/em>, 16(1), S. 135-152.<\/p>\n<p>Kohlbacher M. und Gruenwald S. (2011):<br \/>\nProcess orientation: conceptualization and measurement. <em>Business Process Management Journal<\/em>, 17(2).<\/p>\n<p>Kohlbacher M., Gruenwald S. und Kreuzer E. (2011):<br \/>\nCorporate culture in line with business process orientation and its impact on organizational performance. In: zur Muehlen M. und Jianwen S. (Hrsg.): Business Process Management Workshops, Springer, Berlin Heidelberg, pp. 16-24.<\/p>\n<p>Osterloh, M. und Frost, J. (2006):<br \/>\n<a href=\"http:\/\/www.amazon.de\/gp\/product\/3834902322?ie=UTF8&tag=forumderklass-21&linkCode=as2&camp=1638&creative=6742&creativeASIN=3834902322\" target=\"_blank\" rel=\"noopener noreferrer\">Prozessmanagement als Kernkompetenz: Wie Sie Business Reengineering strategisch nutzen k\u00f6nnen<\/a><img loading=\"lazy\" style=\"border: none !important; margin: 0px !important;\" src=\"http:\/\/www.assoc-amazon.de\/e\/ir?t=forumderklass-21&l=as2&o=3&a=3834902322\" alt=\"\" width=\"1\" height=\"1\" border=\"0\" \/><\/p>\n<p>Schantin, D. (2004):<br \/>\n<a href=\"http:\/\/www.amazon.de\/gp\/product\/3824479885?ie=UTF8&tag=forumderklass-21&linkCode=as2&camp=1638&creative=6742&creativeASIN=3824479885\" target=\"_blank\" rel=\"noopener noreferrer\"> Makromodellierung von Gesch\u00e4ftsprozessen<\/a><img loading=\"lazy\" style=\"border: none !important; margin: 0px !important;\" src=\"http:\/\/www.assoc-amazon.de\/e\/ir?t=forumderklass-21&l=as2&o=3&a=3824479885\" alt=\"\" width=\"1\" height=\"1\" border=\"0\" \/><\/p>\n<p>Schmelzer, H. und Sesselmann, W. (2008):<br \/>\n<a href=\"http:\/\/www.amazon.de\/gp\/product\/3446410023?ie=UTF8&tag=forumderklass-21&linkCode=as2&camp=1638&creative=6742&creativeASIN=3446410023\" target=\"_blank\" rel=\"noopener noreferrer\">Gesch\u00e4ftsprozessmanagement in der Praxis. Kunden zufrieden stellen, Produktivit\u00e4t steigern, Wert erh\u00f6hen<\/a><img loading=\"lazy\" style=\"border: none !important; margin: 0px !important;\" src=\"http:\/\/www.assoc-amazon.de\/e\/ir?t=forumderklass-21&l=as2&o=3&a=3446410023\" alt=\"\" width=\"1\" height=\"1\" border=\"0\" \/><\/p>\n<p>Suter, A. (2004):<br \/>\n<a href=\"http:\/\/www.amazon.de\/gp\/product\/3857437243?ie=UTF8&tag=forumderklass-21&linkCode=as2&camp=1638&creative=6742&creativeASIN=3857437243\" target=\"_blank\" rel=\"noopener noreferrer\">Die Wertsch\u00f6pfungsmaschine: Umsetzung von Strategien durch optimale Organisation<\/a><img loading=\"lazy\" style=\"border: none !important; margin: 0px !important;\" src=\"http:\/\/www.assoc-amazon.de\/e\/ir?t=forumderklass-21&l=as2&o=3&a=3857437243\" alt=\"\" width=\"1\" height=\"1\" border=\"0\" \/><\/p>\n<p>Suter, A. (2009):<br \/>\n<a href=\"http:\/\/www.amazon.de\/gp\/product\/3857437294?ie=UTF8&tag=forumderklass-21&linkCode=as2&camp=1638&creative=6742&creativeASIN=3857437294\" target=\"_blank\" rel=\"noopener noreferrer\">Neues Wachstum: Gr\u00f6ssenvorteile nutzen, Komplexit\u00e4t meistern, Flexibilit\u00e4t entwickeln<\/a><img loading=\"lazy\" style=\"border: none !important; margin: 0px !important;\" src=\"http:\/\/www.assoc-amazon.de\/e\/ir?t=forumderklass-21&l=as2&o=3&a=3857437294\" alt=\"\" width=\"1\" height=\"1\" border=\"0\" \/><\/p>\n<p>Suter, A., Vorbach, S. und Weitlaner, D. (2014):<br \/>\n<a href=\"http:\/\/www.amazon.de\/gp\/product\/3446442359\/ref=as_li_tl?ie=UTF8&camp=1638&creative=6742&creativeASIN=3446442359&linkCode=as2&tag=forumderklass-21&linkId=NWG6D2PWPJVEXJBI\">Die Wertsch\u00f6pfungsmaschine: \u2013 Strategie operativ verankern \u2013 Prozessmanagement umsetzen \u2013 Operational-Excellence erreichen<\/a><img loading=\"lazy\" style=\"border: none !important; margin: 0px !important;\" src=\"http:\/\/ir-de.amazon-adsystem.com\/e\/ir?t=forumderklass-21&l=as2&o=3&a=3446442359\" alt=\"\" width=\"1\" height=\"1\" border=\"0\" \/><\/p>\n<p>Suter, A., Vorbach, S. und Wild-Weitlaner, D. (2019):<br \/>\n<a href=\"https:\/\/www.amazon.de\/gp\/product\/B07R8CMPDS\/ref=as_li_tl?ie=UTF8&camp=1638&creative=6742&creativeASIN=B07R8CMPDS&linkCode=as2&tag=forumderklass-21&linkId=ba9700011adc7f1d23477e140a7fe31e\" target=\"_blank\" rel=\"noopener noreferrer\">Die Wertsch\u00f6pfungsmaschine \u2013 Prozesse und Organisation aus der Strategie ableiten<\/a><img loading=\"lazy\" style=\"border: none !important; margin: 0px !important;\" src=\"\/\/ir-de.amazon-adsystem.com\/e\/ir?t=forumderklass-21&l=am2&o=3&a=B07R8CMPDS\" alt=\"\" width=\"1\" height=\"1\" border=\"0\" \/><\/p>\n<script type=\"text\/javascript\"><!--\r\ngoogle_ad_client = \"pub-7390698442281387\";\r\n\/* 468x60, Erstellt 09.09.08 f\u00fcr Processorientation *\/\r\ngoogle_ad_slot = \"2682102731\";\r\ngoogle_ad_width = 468;\r\ngoogle_ad_height = 60;\r\n\/\/-->\r\n<\/script>\r\n<script type=\"text\/javascript\"\r\nsrc=\"http:\/\/pagead2.googlesyndication.com\/pagead\/show_ads.js\">\r\n<\/script>\n","protected":false},"excerpt":{"rendered":"<p>Anbei einige Literaturempfehlungen: Hammer, M. (1993): Reengineering the Corporation: A Manifesto for Business Revolution Hammer, M. (2007): The Process Audit. Harvard Business Review, 85(4), S. 111-123. Harmon, P. (2007): Business Process Change: A Guide for Business Managers and BPM and Six Sigma Professionals Kohlbacher, M. (2009): The perceived effects of business process management. 2009 IEEE [&hellip;]<\/p>\n","protected":false},"author":1,"featured_media":0,"parent":0,"menu_order":0,"comment_status":"open","ping_status":"open","template":"","meta":[],"_links":{"self":[{"href":"http:\/\/de.processorientation.com\/index.php?rest_route=\/wp\/v2\/pages\/136"}],"collection":[{"href":"http:\/\/de.processorientation.com\/index.php?rest_route=\/wp\/v2\/pages"}],"about":[{"href":"http:\/\/de.processorientation.com\/index.php?rest_route=\/wp\/v2\/types\/page"}],"author":[{"embeddable":true,"href":"http:\/\/de.processorientation.com\/index.php?rest_route=\/wp\/v2\/users\/1"}],"replies":[{"embeddable":true,"href":"http:\/\/de.processorientation.com\/index.php?rest_route=%2Fwp%2Fv2%2Fcomments&post=136"}],"version-history":[{"count":34,"href":"http:\/\/de.processorientation.com\/index.php?rest_route=\/wp\/v2\/pages\/136\/revisions"}],"predecessor-version":[{"id":932,"href":"http:\/\/de.processorientation.com\/index.php?rest_route=\/wp\/v2\/pages\/136\/revisions\/932"}],"wp:attachment":[{"href":"http:\/\/de.processorientation.com\/index.php?rest_route=%2Fwp%2Fv2%2Fmedia&parent=136"}],"curies":[{"name":"wp","href":"https:\/\/api.w.org\/{rel}","templated":true}]}}